{"id":381,"date":"2023-10-29T15:54:41","date_gmt":"2023-10-29T15:54:41","guid":{"rendered":"https:\/\/masipgiussani.com\/?page_id=381"},"modified":"2023-10-30T20:45:25","modified_gmt":"2023-10-30T20:45:25","slug":"avis-legal","status":"publish","type":"page","link":"https:\/\/masipgiussani.com\/es\/avis-legal\/","title":{"rendered":"Aviso legal"},"content":{"rendered":"<style>.elementor-381 .elementor-element.elementor-element-096ae1a > .elementor-container{max-width:1170px;}.elementor-381 .elementor-element.elementor-element-096ae1a:not(.elementor-motion-effects-element-type-background), .elementor-381 .elementor-element.elementor-element-096ae1a > .elementor-motion-effects-container > .elementor-motion-effects-layer{background-image:url(\"https:\/\/masipgiussani.com\/wp-content\/uploads\/2023\/10\/CABECERA.jpg\");background-position:center center;background-size:cover;}.elementor-381 .elementor-element.elementor-element-096ae1a > .elementor-background-overlay{background-color:var( --e-global-color-559a6a9 );opacity:0.75;transition:background 0.3s, border-radius 0.3s, opacity 0.3s;}.elementor-381 .elementor-element.elementor-element-096ae1a{transition:background 0.3s, border 0.3s, border-radius 0.3s, box-shadow 0.3s;padding:160px 0px 160px 0px;}.elementor-381 .elementor-element.elementor-element-afa1016.elementor-column > .elementor-widget-wrap{justify-content:center;}.elementor-381 .elementor-element.elementor-element-0b489b5{text-align:center;}.elementor-381 .elementor-element.elementor-element-0b489b5 .elementor-heading-title{font-family:var( --e-global-typography-2bda2d2-font-family ), Sans-serif;font-size:var( --e-global-typography-2bda2d2-font-size );font-weight:var( --e-global-typography-2bda2d2-font-weight );line-height:var( --e-global-typography-2bda2d2-line-height );letter-spacing:var( --e-global-typography-2bda2d2-letter-spacing );word-spacing:var( --e-global-typography-2bda2d2-word-spacing );color:var( --e-global-color-bb530d9 );}.elementor-381 .elementor-element.elementor-element-ecc5908{--display:flex;--flex-direction:column;--container-widget-width:100%;--container-widget-height:initial;--container-widget-flex-grow:0;--container-widget-align-self:initial;--flex-wrap-mobile:wrap;--padding-top:120px;--padding-bottom:120px;--padding-left:10px;--padding-right:10px;}.elementor-381 .elementor-element.elementor-element-562ae5f{text-align:justify;}@media(min-width:768px){.elementor-381 .elementor-element.elementor-element-ecc5908{--content-width:1170px;}}@media(max-width:1024px){.elementor-381 .elementor-element.elementor-element-096ae1a{padding:100px 0px 100px 0px;}.elementor-381 .elementor-element.elementor-element-0b489b5 .elementor-heading-title{font-size:var( --e-global-typography-2bda2d2-font-size );line-height:var( --e-global-typography-2bda2d2-line-height );letter-spacing:var( --e-global-typography-2bda2d2-letter-spacing );word-spacing:var( --e-global-typography-2bda2d2-word-spacing );}.elementor-381 .elementor-element.elementor-element-ecc5908{--padding-top:80px;--padding-bottom:80px;--padding-left:20px;--padding-right:20px;}.elementor-381 .elementor-element.elementor-element-562ae5f{text-align:justify;}}@media(max-width:767px){.elementor-381 .elementor-element.elementor-element-096ae1a{padding:80px 10px 80px 10px;}.elementor-381 .elementor-element.elementor-element-0b489b5 .elementor-heading-title{font-size:var( --e-global-typography-2bda2d2-font-size );line-height:var( --e-global-typography-2bda2d2-line-height );letter-spacing:var( --e-global-typography-2bda2d2-letter-spacing );word-spacing:var( --e-global-typography-2bda2d2-word-spacing );}.elementor-381 .elementor-element.elementor-element-ecc5908{--padding-top:60px;--padding-bottom:60px;--padding-left:20px;--padding-right:20px;}.elementor-381 .elementor-element.elementor-element-562ae5f{text-align:justify;}}<\/style>\t\t<div data-elementor-type=\"wp-page\" data-elementor-id=\"381\" class=\"elementor elementor-381\" data-elementor-post-type=\"page\">\n\t\t\t\t\t\t<section class=\"elementor-section elementor-top-section elementor-element elementor-element-096ae1a elementor-section-boxed elementor-section-height-default elementor-section-height-default\" data-id=\"096ae1a\" data-element_type=\"section\" data-e-type=\"section\" data-settings=\"{&quot;background_background&quot;:&quot;classic&quot;}\">\n\t\t\t\t\t\t\t<div class=\"elementor-background-overlay\"><\/div>\n\t\t\t\t\t\t\t<div class=\"elementor-container elementor-column-gap-default\">\n\t\t\t\t\t<div class=\"elementor-column elementor-col-100 elementor-top-column elementor-element elementor-element-afa1016\" data-id=\"afa1016\" data-element_type=\"column\" data-e-type=\"column\">\n\t\t\t<div class=\"elementor-widget-wrap elementor-element-populated\">\n\t\t\t\t\t\t\t<\/div>\n\t\t<\/div>\n\t\t\t\t\t<\/div>\n\t\t<\/section>\n\t\t<div class=\"elementor-element elementor-element-ecc5908 e-flex e-con-boxed e-con e-parent\" data-id=\"ecc5908\" data-element_type=\"container\" data-e-type=\"container\">\n\t\t\t\t\t<div class=\"e-con-inner\">\n\t\t\t\t<div class=\"elementor-element elementor-element-562ae5f elementor-widget elementor-widget-text-editor\" data-id=\"562ae5f\" data-element_type=\"widget\" data-e-type=\"widget\" data-widget_type=\"text-editor.default\">\n\t\t\t\t<div class=\"elementor-widget-container\">\n\t\t\t\t\t\t\t\t\t<p>De conformidad con la Ley 34\/2002, de Servicios de la Sociedad de la Informaci\u00f3n y de Comercio Electr\u00f3nico, le informamos que esta web es titularidad de MASIP GIUSSANI, SA, (en adelante \u201cEL TITULAR\u201d), con CIF: A08868697, con domicilio en Calle Anoia 3 08211, Castellar Del Valles (Barcelona). Espa\u00f1a; tel\u00e9fono 937278615.<\/p><p>PROPIEDAD INTELECTUAL E INDUSTRIAL<\/p><p>Los contenidos de este sitio, incluyendo los textos, im\u00e1genes y dise\u00f1os gr\u00e1ficos, pertenecen al TITULAR, oa terceros que han autorizado su uso. EL TITULAR presenta estos contenidos con fines de informaci\u00f3n y promoci\u00f3n. EL TITULAR autoriza su utilizaci\u00f3n exclusivamente con estas finalidades. Cualquier utilizaci\u00f3n de estos dise\u00f1os, im\u00e1genes o textos deber\u00e1 citar expresamente su pertenencia al TITULAR, quien se reserva el derecho a iniciar las acciones legales oportunas para reparar los da\u00f1os y perjuicios causados por cualquier acto que vulnere sus derechos de propiedad intelectual intelectual o industrial.<\/p><p>EXCLUSI\u00d3N DE RESPONSABILIDAD<\/p><p>EL TITULAR act\u00faa con la m\u00e1xima diligencia posible para que los datos y la informaci\u00f3n que ofrece en su sitio web est\u00e9 actualizado en todo momento, si bien no garantiza ni se hace responsable de la exactitud y actualizaci\u00f3n de los contenidos del sitio web, reserv\u00e1ndose derecho a modificar estos contenidos en cualquier momento. EL TITULAR tampoco ser\u00e1 responsable de la informaci\u00f3n que pueda obtenerse a trav\u00e9s de enlaces incluidos en el sitio web.<\/p><p>Las relaciones comerciales con los clientes se regir\u00e1n por las Condiciones Generales que, en su caso, se establezcan por el TITULAR en un documento espec\u00edfico al efecto, o por los pactos concretos que pudieran acordarse con los clientes.<\/p><p>CONDICIONES DE USO<\/p><p>El uso de este sitio web implica la aceptaci\u00f3n plena de los t\u00e9rminos del presente aviso legal. Los posibles conflictos relativos a esta web se regir\u00e1n exclusivamente por el derecho del Estado Espa\u00f1ol. Toda persona usuaria de la web, independientemente de la jurisdicci\u00f3n territorial desde la que se produzca su acceso, acepta el cumplimiento y respeto de estas cl\u00e1usulas con renuncia expresa a cualquier otro fuero que pudiera corresponderle.<\/p>\t\t\t\t\t\t\t\t<\/div>\n\t\t\t\t<\/div>\n\t\t\t\t\t<\/div>\n\t\t\t\t<\/div>\n\t\t\t\t<\/div>","protected":false},"excerpt":{"rendered":"<p>De conformidad con la Ley 34\/2002, de Servicios de la Sociedad de la Informaci\u00f3n y de Comercio Electr\u00f3nico, le informamos que esta web es titularidad de MASIP GIUSSANI, SA, (en adelante \u201cEL TITULAR\u201d), con CIF: A08868697, con domicilio en Calle Anoia 3 08211, Castellar Del Valles (Barcelona). Espa\u00f1a; tel\u00e9fono 937278615. PROPIEDAD INTELECTUAL E INDUSTRIAL Los contenidos\u2026&nbsp;<a href=\"https:\/\/masipgiussani.com\/es\/avis-legal\/\" rel=\"bookmark\"><span class=\"screen-reader-text\">Aviso legal<\/span><\/a><\/p>","protected":false},"author":1,"featured_media":0,"parent":0,"menu_order":0,"comment_status":"closed","ping_status":"closed","template":"page-templates\/template-pagebuilder-full-width.php","meta":{"neve_meta_sidebar":"","neve_meta_container":"","neve_meta_enable_content_width":"off","neve_meta_content_width":100,"neve_meta_title_alignment":"","neve_meta_author_avatar":"","neve_post_elements_order":"","neve_meta_disable_header":"","neve_meta_disable_footer":"","neve_meta_disable_title":"","footnotes":""},"class_list":["post-381","page","type-page","status-publish","hentry"],"acf":[],"yoast_head":"<!-- This site is optimized with the Yoast SEO plugin v26.9 - https:\/\/yoast.com\/product\/yoast-seo-wordpress\/ -->\n<title>Av\u00eds legal - Bidons i envasos - Masip Giussani<\/title>\n<meta name=\"robots\" content=\"index, follow, max-snippet:-1, max-image-preview:large, max-video-preview:-1\" \/>\n<link rel=\"canonical\" href=\"https:\/\/masipgiussani.com\/es\/avis-legal\/\" \/>\n<meta property=\"og:locale\" content=\"es_ES\" \/>\n<meta property=\"og:type\" content=\"article\" \/>\n<meta property=\"og:title\" content=\"Av\u00eds legal - Bidons i envasos - Masip Giussani\" \/>\n<meta property=\"og:description\" content=\"De conformitat amb la Llei 34\/2002, de Serveis de la Societat de la Informaci\u00f3 i de Comer\u00e7 Electr\u00f2nic, l\u2019informem que aquesta web \u00e9s titularitat de MASIP GIUSSANI, S.A., (d\u2019ara endavant \u201cEL TITULAR\u201d), amb CIF: A08868697, amb domicili en Calle Anoia 3 08211, Castellar Del Valles (Barcelona). Espa\u00f1a; tel\u00e8fon 937278615. PROPIETAT INTEL\u00b7LECTUAL I INDUSTRIAL Els continguts&hellip;&nbsp;Av\u00eds legal\" \/>\n<meta property=\"og:url\" content=\"https:\/\/masipgiussani.com\/es\/avis-legal\/\" \/>\n<meta property=\"og:site_name\" content=\"Bidons i envasos - Masip Giussani\" \/>\n<meta property=\"article:modified_time\" content=\"2023-10-30T20:45:25+00:00\" \/>\n<meta name=\"twitter:card\" content=\"summary_large_image\" \/>\n<meta name=\"twitter:label1\" content=\"Tiempo de lectura\" \/>\n\t<meta name=\"twitter:data1\" content=\"2 minutos\" \/>\n<script type=\"application\/ld+json\" class=\"yoast-schema-graph\">{\"@context\":\"https:\/\/schema.org\",\"@graph\":[{\"@type\":\"WebPage\",\"@id\":\"https:\/\/masipgiussani.com\/avis-legal\/\",\"url\":\"https:\/\/masipgiussani.com\/avis-legal\/\",\"name\":\"Av\u00eds legal - Bidons i envasos - Masip Giussani\",\"isPartOf\":{\"@id\":\"https:\/\/masipgiussani.com\/#website\"},\"datePublished\":\"2023-10-29T15:54:41+00:00\",\"dateModified\":\"2023-10-30T20:45:25+00:00\",\"breadcrumb\":{\"@id\":\"https:\/\/masipgiussani.com\/avis-legal\/#breadcrumb\"},\"inLanguage\":\"es\",\"potentialAction\":[{\"@type\":\"ReadAction\",\"target\":[\"https:\/\/masipgiussani.com\/avis-legal\/\"]}]},{\"@type\":\"BreadcrumbList\",\"@id\":\"https:\/\/masipgiussani.com\/avis-legal\/#breadcrumb\",\"itemListElement\":[{\"@type\":\"ListItem\",\"position\":1,\"name\":\"Portada\",\"item\":\"https:\/\/masipgiussani.com\/\"},{\"@type\":\"ListItem\",\"position\":2,\"name\":\"Av\u00eds legal\"}]},{\"@type\":\"WebSite\",\"@id\":\"https:\/\/masipgiussani.com\/#website\",\"url\":\"https:\/\/masipgiussani.com\/\",\"name\":\"Bidons i envasos - Masip Giussani\",\"description\":\"En Masip Giussani SA, estamos dedicados a ofrecer soluciones excepcionales en envasado para una amplia variedad de sectores. Con a\u00f1os de experiencia en la industria, hemos perfeccionado el arte de proporcionar productos de calidad superior que cumplen con los est\u00e1ndares m\u00e1s exigentes\",\"potentialAction\":[{\"@type\":\"SearchAction\",\"target\":{\"@type\":\"EntryPoint\",\"urlTemplate\":\"https:\/\/masipgiussani.com\/?s={search_term_string}\"},\"query-input\":{\"@type\":\"PropertyValueSpecification\",\"valueRequired\":true,\"valueName\":\"search_term_string\"}}],\"inLanguage\":\"es\"}]}<\/script>\n<!-- \/ Yoast SEO plugin. -->","yoast_head_json":{"title":"Av\u00eds legal - Bidons i envasos - Masip Giussani","robots":{"index":"index","follow":"follow","max-snippet":"max-snippet:-1","max-image-preview":"max-image-preview:large","max-video-preview":"max-video-preview:-1"},"canonical":"https:\/\/masipgiussani.com\/es\/avis-legal\/","og_locale":"es_ES","og_type":"article","og_title":"Av\u00eds legal - Bidons i envasos - Masip Giussani","og_description":"De conformitat amb la Llei 34\/2002, de Serveis de la Societat de la Informaci\u00f3 i de Comer\u00e7 Electr\u00f2nic, l\u2019informem que aquesta web \u00e9s titularitat de MASIP GIUSSANI, S.A., (d\u2019ara endavant \u201cEL TITULAR\u201d), amb CIF: A08868697, amb domicili en Calle Anoia 3 08211, Castellar Del Valles (Barcelona). Espa\u00f1a; tel\u00e8fon 937278615. PROPIETAT INTEL\u00b7LECTUAL I INDUSTRIAL Els continguts&hellip;&nbsp;Av\u00eds legal","og_url":"https:\/\/masipgiussani.com\/es\/avis-legal\/","og_site_name":"Bidons i envasos - Masip Giussani","article_modified_time":"2023-10-30T20:45:25+00:00","twitter_card":"summary_large_image","twitter_misc":{"Tiempo de lectura":"2 minutos"},"schema":{"@context":"https:\/\/schema.org","@graph":[{"@type":"WebPage","@id":"https:\/\/masipgiussani.com\/avis-legal\/","url":"https:\/\/masipgiussani.com\/avis-legal\/","name":"Av\u00eds legal - Bidons i envasos - Masip Giussani","isPartOf":{"@id":"https:\/\/masipgiussani.com\/#website"},"datePublished":"2023-10-29T15:54:41+00:00","dateModified":"2023-10-30T20:45:25+00:00","breadcrumb":{"@id":"https:\/\/masipgiussani.com\/avis-legal\/#breadcrumb"},"inLanguage":"es","potentialAction":[{"@type":"ReadAction","target":["https:\/\/masipgiussani.com\/avis-legal\/"]}]},{"@type":"BreadcrumbList","@id":"https:\/\/masipgiussani.com\/avis-legal\/#breadcrumb","itemListElement":[{"@type":"ListItem","position":1,"name":"Portada","item":"https:\/\/masipgiussani.com\/"},{"@type":"ListItem","position":2,"name":"Av\u00eds legal"}]},{"@type":"WebSite","@id":"https:\/\/masipgiussani.com\/#website","url":"https:\/\/masipgiussani.com\/","name":"Bidones y envases - Masip Giussani","description":"En Masip Giussani SA, estamos dedicados a ofrecer soluciones excepcionales en envasado para una amplia variedad de sectores. Con a\u00f1os de experiencia en la industria, hemos perfeccionado el arte de proporcionar productos de calidad superior que cumplen con los est\u00e1ndares m\u00e1s exigentes","potentialAction":[{"@type":"SearchAction","target":{"@type":"EntryPoint","urlTemplate":"https:\/\/masipgiussani.com\/?s={search_term_string}"},"query-input":{"@type":"PropertyValueSpecification","valueRequired":true,"valueName":"search_term_string"}}],"inLanguage":"es"}]}},"_links":{"self":[{"href":"https:\/\/masipgiussani.com\/es\/wp-json\/wp\/v2\/pages\/381","targetHints":{"allow":["GET"]}}],"collection":[{"href":"https:\/\/masipgiussani.com\/es\/wp-json\/wp\/v2\/pages"}],"about":[{"href":"https:\/\/masipgiussani.com\/es\/wp-json\/wp\/v2\/types\/page"}],"author":[{"embeddable":true,"href":"https:\/\/masipgiussani.com\/es\/wp-json\/wp\/v2\/users\/1"}],"replies":[{"embeddable":true,"href":"https:\/\/masipgiussani.com\/es\/wp-json\/wp\/v2\/comments?post=381"}],"version-history":[{"count":37,"href":"https:\/\/masipgiussani.com\/es\/wp-json\/wp\/v2\/pages\/381\/revisions"}],"predecessor-version":[{"id":810,"href":"https:\/\/masipgiussani.com\/es\/wp-json\/wp\/v2\/pages\/381\/revisions\/810"}],"wp:attachment":[{"href":"https:\/\/masipgiussani.com\/es\/wp-json\/wp\/v2\/media?parent=381"}],"curies":[{"name":"wp","href":"https:\/\/api.w.org\/{rel}","templated":true}]}}