{"id":1220,"date":"2023-12-11T12:13:39","date_gmt":"2023-12-11T12:13:39","guid":{"rendered":"https:\/\/masipgiussani.com\/?page_id=1220"},"modified":"2023-12-11T12:13:59","modified_gmt":"2023-12-11T12:13:59","slug":"fabricante-de-envases","status":"publish","type":"page","link":"https:\/\/masipgiussani.com\/es\/fabricante-de-envases\/","title":{"rendered":"Fabricante de envases"},"content":{"rendered":"<style>.elementor-1220 .elementor-element.elementor-element-096ae1a > .elementor-container{max-width:1170px;}.elementor-1220 .elementor-element.elementor-element-096ae1a:not(.elementor-motion-effects-element-type-background), .elementor-1220 .elementor-element.elementor-element-096ae1a > .elementor-motion-effects-container > .elementor-motion-effects-layer{background-image:url(\"https:\/\/masipgiussani.com\/wp-content\/uploads\/2023\/10\/CABECERA.jpg\");background-position:center center;background-size:cover;}.elementor-1220 .elementor-element.elementor-element-096ae1a > .elementor-background-overlay{background-color:var( --e-global-color-559a6a9 );opacity:0.75;transition:background 0.3s, border-radius 0.3s, opacity 0.3s;}.elementor-1220 .elementor-element.elementor-element-096ae1a{transition:background 0.3s, border 0.3s, border-radius 0.3s, box-shadow 0.3s;padding:160px 0px 160px 0px;}.elementor-1220 .elementor-element.elementor-element-afa1016.elementor-column > .elementor-widget-wrap{justify-content:center;}.elementor-1220 .elementor-element.elementor-element-0b489b5{text-align:center;}.elementor-1220 .elementor-element.elementor-element-0b489b5 .elementor-heading-title{font-family:var( --e-global-typography-2bda2d2-font-family ), Sans-serif;font-size:var( --e-global-typography-2bda2d2-font-size );font-weight:var( --e-global-typography-2bda2d2-font-weight );line-height:var( --e-global-typography-2bda2d2-line-height );letter-spacing:var( --e-global-typography-2bda2d2-letter-spacing );word-spacing:var( --e-global-typography-2bda2d2-word-spacing );color:var( --e-global-color-bb530d9 );}.elementor-1220 .elementor-element.elementor-element-683d2ec{--display:flex;--flex-direction:row;--container-widget-width:initial;--container-widget-height:100%;--container-widget-flex-grow:1;--container-widget-align-self:stretch;--flex-wrap-mobile:wrap;--gap:0px 0px;--row-gap:0px;--column-gap:0px;--padding-top:50px;--padding-bottom:50px;--padding-left:0px;--padding-right:0px;}.elementor-1220 .elementor-element.elementor-element-929911a{--display:flex;--flex-direction:column;--container-widget-width:100%;--container-widget-height:initial;--container-widget-flex-grow:0;--container-widget-align-self:initial;--flex-wrap-mobile:wrap;--padding-top:0px;--padding-bottom:0px;--padding-left:0px;--padding-right:50px;}.elementor-1220 .elementor-element.elementor-element-929911a.e-con{--flex-grow:0;--flex-shrink:0;}.elementor-1220 .elementor-element.elementor-element-2226c64{text-align:justify;}.elementor-1220 .elementor-element.elementor-element-d46aba5{--display:flex;--flex-direction:column;--container-widget-width:100%;--container-widget-height:initial;--container-widget-flex-grow:0;--container-widget-align-self:initial;--flex-wrap-mobile:wrap;--padding-top:30px;--padding-bottom:30px;--padding-left:30px;--padding-right:30px;}.elementor-1220 .elementor-element.elementor-element-d46aba5:not(.elementor-motion-effects-element-type-background), .elementor-1220 .elementor-element.elementor-element-d46aba5 > .elementor-motion-effects-container > .elementor-motion-effects-layer{background-color:#FAFAFA;}.elementor-1220 .elementor-element.elementor-element-68f4677{text-align:center;}.elementor-1220 .elementor-element.elementor-element-b5aea43 .elementor-field-group{padding-right:calc( 10px\/2 );padding-left:calc( 10px\/2 );margin-bottom:10px;}.elementor-1220 .elementor-element.elementor-element-b5aea43 .elementor-form-fields-wrapper{margin-left:calc( -10px\/2 );margin-right:calc( -10px\/2 );margin-bottom:-10px;}.elementor-1220 .elementor-element.elementor-element-b5aea43 .elementor-field-group.recaptcha_v3-bottomleft, .elementor-1220 .elementor-element.elementor-element-b5aea43 .elementor-field-group.recaptcha_v3-bottomright{margin-bottom:0;}body.rtl .elementor-1220 .elementor-element.elementor-element-b5aea43 .elementor-labels-inline .elementor-field-group > label{padding-left:0px;}body:not(.rtl) .elementor-1220 .elementor-element.elementor-element-b5aea43 .elementor-labels-inline .elementor-field-group > label{padding-right:0px;}body .elementor-1220 .elementor-element.elementor-element-b5aea43 .elementor-labels-above .elementor-field-group > label{padding-bottom:0px;}.elementor-1220 .elementor-element.elementor-element-b5aea43 .elementor-field-type-html{padding-bottom:0px;}.elementor-1220 .elementor-element.elementor-element-b5aea43 .elementor-field-group .elementor-field:not(.elementor-select-wrapper){background-color:#ffffff;}.elementor-1220 .elementor-element.elementor-element-b5aea43 .elementor-field-group .elementor-select-wrapper select{background-color:#ffffff;}.elementor-1220 .elementor-element.elementor-element-b5aea43 .e-form__buttons__wrapper__button-next{color:#ffffff;}.elementor-1220 .elementor-element.elementor-element-b5aea43 .elementor-button[type=\"submit\"]{color:#ffffff;}.elementor-1220 .elementor-element.elementor-element-b5aea43 .elementor-button[type=\"submit\"] svg *{fill:#ffffff;}.elementor-1220 .elementor-element.elementor-element-b5aea43 .e-form__buttons__wrapper__button-previous{color:#ffffff;}.elementor-1220 .elementor-element.elementor-element-b5aea43 .e-form__buttons__wrapper__button-next:hover{color:#ffffff;}.elementor-1220 .elementor-element.elementor-element-b5aea43 .elementor-button[type=\"submit\"]:hover{color:#ffffff;}.elementor-1220 .elementor-element.elementor-element-b5aea43 .elementor-button[type=\"submit\"]:hover svg *{fill:#ffffff;}.elementor-1220 .elementor-element.elementor-element-b5aea43 .e-form__buttons__wrapper__button-previous:hover{color:#ffffff;}.elementor-1220 .elementor-element.elementor-element-b5aea43{--e-form-steps-indicators-spacing:20px;--e-form-steps-indicator-padding:30px;--e-form-steps-indicator-inactive-secondary-color:#ffffff;--e-form-steps-indicator-active-secondary-color:#ffffff;--e-form-steps-indicator-completed-secondary-color:#ffffff;--e-form-steps-divider-width:1px;--e-form-steps-divider-gap:10px;}@media(min-width:768px){.elementor-1220 .elementor-element.elementor-element-929911a{--width:65%;}.elementor-1220 .elementor-element.elementor-element-d46aba5{--width:50%;}}@media(max-width:1024px){.elementor-1220 .elementor-element.elementor-element-096ae1a{padding:100px 0px 100px 0px;}.elementor-1220 .elementor-element.elementor-element-0b489b5 .elementor-heading-title{font-size:var( --e-global-typography-2bda2d2-font-size );line-height:var( --e-global-typography-2bda2d2-line-height );letter-spacing:var( --e-global-typography-2bda2d2-letter-spacing );word-spacing:var( --e-global-typography-2bda2d2-word-spacing );}}@media(max-width:767px){.elementor-1220 .elementor-element.elementor-element-096ae1a{padding:80px 10px 80px 10px;}.elementor-1220 .elementor-element.elementor-element-0b489b5 .elementor-heading-title{font-size:var( --e-global-typography-2bda2d2-font-size );line-height:var( --e-global-typography-2bda2d2-line-height );letter-spacing:var( --e-global-typography-2bda2d2-letter-spacing );word-spacing:var( --e-global-typography-2bda2d2-word-spacing );}}<\/style>\t\t<div data-elementor-type=\"wp-page\" data-elementor-id=\"1220\" class=\"elementor elementor-1220\" data-elementor-post-type=\"page\">\n\t\t\t\t\t\t<section class=\"elementor-section elementor-top-section elementor-element elementor-element-096ae1a elementor-section-boxed elementor-section-height-default elementor-section-height-default\" data-id=\"096ae1a\" data-element_type=\"section\" data-e-type=\"section\" data-settings=\"{&quot;background_background&quot;:&quot;classic&quot;}\">\n\t\t\t\t\t\t\t<div class=\"elementor-background-overlay\"><\/div>\n\t\t\t\t\t\t\t<div class=\"elementor-container elementor-column-gap-default\">\n\t\t\t\t\t<div class=\"elementor-column elementor-col-100 elementor-top-column elementor-element elementor-element-afa1016\" data-id=\"afa1016\" data-element_type=\"column\" data-e-type=\"column\">\n\t\t\t<div class=\"elementor-widget-wrap elementor-element-populated\">\n\t\t\t\t\t\t\t<\/div>\n\t\t<\/div>\n\t\t\t\t\t<\/div>\n\t\t<\/section>\n\t\t<div class=\"elementor-element elementor-element-683d2ec e-flex e-con-boxed e-con e-parent\" data-id=\"683d2ec\" data-element_type=\"container\" data-e-type=\"container\">\n\t\t\t\t\t<div class=\"e-con-inner\">\n\t\t<div class=\"elementor-element elementor-element-929911a e-con-full e-flex e-con e-child\" data-id=\"929911a\" data-element_type=\"container\" data-e-type=\"container\">\n\t\t\t\t<div class=\"elementor-element elementor-element-2226c64 elementor-widget elementor-widget-text-editor\" data-id=\"2226c64\" data-element_type=\"widget\" data-e-type=\"widget\" data-widget_type=\"text-editor.default\">\n\t\t\t\t<div class=\"elementor-widget-container\">\n\t\t\t\t\t\t\t\t\t<p><span style=\"font-weight: 400;\">Bienvenido a Masip Giussani, tu socio confiable como <\/span><b>fabricante de envases<\/b><span style=\"font-weight: 400;\"> de alta calidad. Somos una empresa que se destaca en la industria, ofreciendo soluciones innovadoras y sostenibles para satisfacer tus necesidades de envasado. Nuestra dedicaci\u00f3n a la excelencia y la calidad nos distingue como la elecci\u00f3n preferida para empresas que buscan envases que marquen la diferencia.<\/span><\/p><p><span style=\"font-weight: 400;\">Como fabricante de envases con d\u00e9cadas de experiencia, entendemos la importancia crucial que tiene el envase en la presentaci\u00f3n y conservaci\u00f3n de tus productos. En Masip Giussani, nos enorgullece ofrecer una amplia gama de soluciones de envasado dise\u00f1adas para cumplir con los est\u00e1ndares m\u00e1s exigentes de la industria.<\/span><\/p><p><span style=\"font-weight: 400;\">Nuestra gama de productos abarca desde envases tradicionales hasta soluciones m\u00e1s avanzadas y sostenibles. Como <\/span><b>fabricante de envases<\/b><span style=\"font-weight: 400;\"> comprometido con la innovaci\u00f3n, estamos constantemente buscando nuevas formas de mejorar la funcionalidad y el impacto ambiental de nuestros productos. Nos esforzamos por superar las expectativas de nuestros clientes, proporcionando envases que no solo resaltan visualmente, sino que tambi\u00e9n cumplen con los m\u00e1s altos est\u00e1ndares de sostenibilidad.<\/span><\/p><p><span style=\"font-weight: 400;\">En Masip Giussani, nos enorgullece destacar como un fabricante de envases que comprende la importancia de adaptarse a las tendencias del mercado. Nuestro equipo de expertos est\u00e1 siempre atento a las \u00faltimas innovaciones en dise\u00f1o y materiales para ofrecer envases que no solo sean funcionales, sino que tambi\u00e9n est\u00e9n a la vanguardia de la industria.<\/span><\/p><p><span style=\"font-weight: 400;\">Como <\/span><b>fabricante de envases<\/b><span style=\"font-weight: 400;\"> que destaca, nos esforzamos por la excelencia en cada paso del proceso de producci\u00f3n. Desde la concepci\u00f3n del dise\u00f1o hasta la entrega del producto final, nos aseguramos de que cada envase cumpla con los m\u00e1s altos est\u00e1ndares de calidad y durabilidad.<\/span><\/p><p><span style=\"font-weight: 400;\">En Masip Giussani, entendemos que cada cliente es \u00fanico, y es por eso que ofrecemos soluciones de envasado personalizadas para satisfacer tus necesidades espec\u00edficas. Ya sea que est\u00e9s buscando envases para alimentos, productos farmac\u00e9uticos o cualquier otra aplicaci\u00f3n, nuestro equipo trabajar\u00e1 contigo para desarrollar la soluci\u00f3n perfecta.<\/span><\/p><p><span style=\"font-weight: 400;\">Como fabricante de envases comprometido con la satisfacci\u00f3n del cliente, garantizamos tiempos de entrega r\u00e1pidos y un servicio personalizado. Tu \u00e9xito es nuestro \u00e9xito, y nos esforzamos por ser el socio confiable que necesitas en el mundo del envasado.<\/span><\/p><p><span style=\"font-weight: 400;\">En resumen, en Masip Giussani somos m\u00e1s que un simple <\/span><b>fabricante de envases<\/b><span style=\"font-weight: 400;\">. Somos tu socio estrat\u00e9gico, comprometidos con ofrecer soluciones de envasado que superen tus expectativas. Descubre la diferencia que un fabricante de envases l\u00edder puede hacer para tu negocio. Cont\u00e1ctanos hoy y d\u00e9janos ser parte de tu \u00e9xito.<\/span><\/p>\t\t\t\t\t\t\t\t<\/div>\n\t\t\t\t<\/div>\n\t\t\t\t<\/div>\n\t\t<div class=\"elementor-element elementor-element-d46aba5 e-con-full e-flex e-con e-child\" data-id=\"d46aba5\" data-element_type=\"container\" data-e-type=\"container\" data-settings=\"{&quot;background_background&quot;:&quot;classic&quot;}\">\n\t\t\t\t<div class=\"elementor-element elementor-element-68f4677 elementor-widget elementor-widget-heading\" data-id=\"68f4677\" data-element_type=\"widget\" data-e-type=\"widget\" data-widget_type=\"heading.default\">\n\t\t\t\t<div class=\"elementor-widget-container\">\n\t\t\t\t\t<h4 class=\"elementor-heading-title elementor-size-default\">Envia'ns la teva consulta<\/h4>\t\t\t\t<\/div>\n\t\t\t\t<\/div>\n\t\t\t\t<div class=\"elementor-element elementor-element-b5aea43 elementor-button-align-stretch elementor-widget elementor-widget-form\" data-id=\"b5aea43\" data-element_type=\"widget\" data-e-type=\"widget\" data-settings=\"{&quot;step_next_label&quot;:&quot;Next&quot;,&quot;step_previous_label&quot;:&quot;Previous&quot;,&quot;button_width&quot;:&quot;100&quot;,&quot;step_type&quot;:&quot;number_text&quot;,&quot;step_icon_shape&quot;:&quot;circle&quot;}\" data-widget_type=\"form.default\">\n\t\t\t\t<div class=\"elementor-widget-container\">\n\t\t\t\t\t\t\t<form class=\"elementor-form\" method=\"post\" name=\"New Form\" aria-label=\"New Form\">\n\t\t\t<input type=\"hidden\" name=\"post_id\" value=\"1220\"\/>\n\t\t\t<input type=\"hidden\" name=\"form_id\" value=\"b5aea43\"\/>\n\t\t\t<input type=\"hidden\" name=\"referer_title\" value=\"Fabricante de envases - Bidons i envasos - Masip Giussani\" \/>\n\n\t\t\t\t\t\t\t<input type=\"hidden\" name=\"queried_id\" value=\"1220\"\/>\n\t\t\t\n\t\t\t<div class=\"elementor-form-fields-wrapper elementor-labels-above\">\n\t\t\t\t\t\t\t\t<div class=\"elementor-field-type-text elementor-field-group elementor-column elementor-field-group-name elementor-col-100\">\n\t\t\t\t\t\t\t\t\t\t\t\t<label for=\"form-field-name\" class=\"elementor-field-label\">\n\t\t\t\t\t\t\t\tNom\t\t\t\t\t\t\t<\/label>\n\t\t\t\t\t\t\t\t\t\t\t\t\t\t<input size=\"1\" type=\"text\" name=\"form_fields[name]\" id=\"form-field-name\" class=\"elementor-field elementor-size-sm  elementor-field-textual\" placeholder=\"Nom\">\n\t\t\t\t\t\t\t\t\t\t\t<\/div>\n\t\t\t\t\t\t\t\t<div class=\"elementor-field-type-tel elementor-field-group elementor-column elementor-field-group-field_3674964 elementor-col-100 elementor-field-required\">\n\t\t\t\t\t\t\t\t\t\t\t\t<label for=\"form-field-field_3674964\" class=\"elementor-field-label\">\n\t\t\t\t\t\t\t\tTel\u00e8fon\t\t\t\t\t\t\t<\/label>\n\t\t\t\t\t\t\t\t<input size=\"1\" type=\"tel\" name=\"form_fields[field_3674964]\" id=\"form-field-field_3674964\" class=\"elementor-field elementor-size-sm  elementor-field-textual\" placeholder=\"Tel\u00e8fon\" required=\"required\" pattern=\"[0-9()#&amp;+*-=.]+\" title=\"S\u00f3lo se aceptan n\u00fameros y caracteres telef\u00f3nicos (#, -, *, etc.).\">\n\n\t\t\t\t\t\t<\/div>\n\t\t\t\t\t\t\t\t<div class=\"elementor-field-type-email elementor-field-group elementor-column elementor-field-group-email elementor-col-100 elementor-field-required\">\n\t\t\t\t\t\t\t\t\t\t\t\t<label for=\"form-field-email\" class=\"elementor-field-label\">\n\t\t\t\t\t\t\t\tEmail\t\t\t\t\t\t\t<\/label>\n\t\t\t\t\t\t\t\t\t\t\t\t\t\t<input size=\"1\" type=\"email\" name=\"form_fields[email]\" id=\"form-field-email\" class=\"elementor-field elementor-size-sm  elementor-field-textual\" placeholder=\"Email\" required=\"required\">\n\t\t\t\t\t\t\t\t\t\t\t<\/div>\n\t\t\t\t\t\t\t\t<div class=\"elementor-field-type-textarea elementor-field-group elementor-column elementor-field-group-message elementor-col-100\">\n\t\t\t\t\t\t\t\t\t\t\t\t<label for=\"form-field-message\" class=\"elementor-field-label\">\n\t\t\t\t\t\t\t\tMissatge\t\t\t\t\t\t\t<\/label>\n\t\t\t\t\t\t<textarea class=\"elementor-field-textual elementor-field  elementor-size-sm\" name=\"form_fields[message]\" id=\"form-field-message\" rows=\"4\" placeholder=\"Missatge\"><\/textarea>\t\t\t\t<\/div>\n\t\t\t\t\t\t\t\t<div class=\"elementor-field-type-acceptance elementor-field-group elementor-column elementor-field-group-field_72c91bd elementor-col-100\">\n\t\t\t\t\t\t\t<div class=\"elementor-field-subgroup\">\n\t\t\t<span class=\"elementor-field-option\">\n\t\t\t\t<input type=\"checkbox\" name=\"form_fields[field_72c91bd]\" id=\"form-field-field_72c91bd\" class=\"elementor-field elementor-size-sm  elementor-acceptance-field\">\n\t\t\t\t<label for=\"form-field-field_72c91bd\">He llegit i accepto la <a href=\"https:\/\/masipgiussani.com\/politica-de-proteccio-de-dades\/\">pol\u00edtica de privadesa.<\/a><\/label>\t\t\t<\/span>\n\t\t<\/div>\n\t\t\t\t\t\t<\/div>\n\t\t\t\t\t\t\t\t<div class=\"elementor-field-type-recaptcha_v3 elementor-field-group elementor-column elementor-field-group-field_baed51d elementor-col-100 recaptcha_v3-bottomleft\">\n\t\t\t\t\t<div class=\"elementor-field\" id=\"form-field-field_baed51d\"><div class=\"elementor-g-recaptcha\" data-sitekey=\"6LcnmSUpAAAAAFz1CneUMCXASXj4v5tyrKcmfKRy\" data-type=\"v3\" data-action=\"Form\" data-badge=\"bottomleft\" data-size=\"invisible\"><\/div><\/div>\t\t\t\t<\/div>\n\t\t\t\t\t\t\t\t<div class=\"elementor-field-type-text\">\n\t\t\t\t\t<input size=\"1\" type=\"text\" name=\"form_fields[field_e96c816]\" id=\"form-field-field_e96c816\" class=\"elementor-field elementor-size-sm \" style=\"display:none !important;\">\t\t\t\t<\/div>\n\t\t\t\t\t\t\t\t<div class=\"elementor-field-group elementor-column elementor-field-type-submit elementor-col-100 e-form__buttons\">\n\t\t\t\t\t<button class=\"elementor-button elementor-size-sm\" type=\"submit\">\n\t\t\t\t\t\t<span class=\"elementor-button-content-wrapper\">\n\t\t\t\t\t\t\t\t\t\t\t\t\t\t\t\t\t\t\t\t\t\t<span class=\"elementor-button-text\">Enviar<\/span>\n\t\t\t\t\t\t\t\t\t\t\t\t\t<\/span>\n\t\t\t\t\t<\/button>\n\t\t\t\t<\/div>\n\t\t\t<\/div>\n\t\t<\/form>\n\t\t\t\t\t\t<\/div>\n\t\t\t\t<\/div>\n\t\t\t\t<\/div>\n\t\t\t\t\t<\/div>\n\t\t\t\t<\/div>\n\t\t\t\t<\/div>\n\t\t","protected":false},"excerpt":{"rendered":"<p>Bienvenido a Masip Giussani, tu socio confiable como fabricante de envases de alta calidad. Somos una empresa que se destaca en la industria, ofreciendo soluciones innovadoras y sostenibles para satisfacer tus necesidades de envasado. Nuestra dedicaci\u00f3n a la excelencia y la calidad nos distingue como la elecci\u00f3n preferida para empresas que buscan envases que marcan\u2026&nbsp;<a href=\"https:\/\/masipgiussani.com\/es\/fabricante-de-envases\/\" rel=\"bookmark\"><span class=\"screen-reader-text\">Fabricante de envases<\/span><\/a><\/p>","protected":false},"author":3,"featured_media":0,"parent":0,"menu_order":0,"comment_status":"closed","ping_status":"closed","template":"page-templates\/template-pagebuilder-full-width.php","meta":{"neve_meta_sidebar":"","neve_meta_container":"","neve_meta_enable_content_width":"off","neve_meta_content_width":100,"neve_meta_title_alignment":"","neve_meta_author_avatar":"","neve_post_elements_order":"","neve_meta_disable_header":"","neve_meta_disable_footer":"","neve_meta_disable_title":"","footnotes":""},"class_list":["post-1220","page","type-page","status-publish","hentry"],"acf":[],"yoast_head":"<!-- This site is optimized with the Yoast SEO plugin v26.9 - https:\/\/yoast.com\/product\/yoast-seo-wordpress\/ -->\n<title>Fabricante de envases - Bidons i envasos - Masip Giussani<\/title>\n<meta name=\"robots\" content=\"index, follow, max-snippet:-1, max-image-preview:large, max-video-preview:-1\" \/>\n<link rel=\"canonical\" href=\"https:\/\/masipgiussani.com\/es\/fabricante-de-envases\/\" \/>\n<meta property=\"og:locale\" content=\"es_ES\" \/>\n<meta property=\"og:type\" content=\"article\" \/>\n<meta property=\"og:title\" content=\"Fabricante de envases - Bidons i envasos - Masip Giussani\" \/>\n<meta property=\"og:description\" content=\"Bienvenido a Masip Giussani, tu socio confiable como fabricante de envases de alta calidad. Somos una empresa que se destaca en la industria, ofreciendo soluciones innovadoras y sostenibles para satisfacer tus necesidades de envasado. Nuestra dedicaci\u00f3n a la excelencia y la calidad nos distingue como la elecci\u00f3n preferida para empresas que buscan envases que marquen&hellip;&nbsp;Fabricante de envases\" \/>\n<meta property=\"og:url\" content=\"https:\/\/masipgiussani.com\/es\/fabricante-de-envases\/\" \/>\n<meta property=\"og:site_name\" content=\"Bidons i envasos - Masip Giussani\" \/>\n<meta property=\"article:modified_time\" content=\"2023-12-11T12:13:59+00:00\" \/>\n<meta name=\"twitter:card\" content=\"summary_large_image\" \/>\n<meta name=\"twitter:label1\" content=\"Tiempo de lectura\" \/>\n\t<meta name=\"twitter:data1\" content=\"2 minutos\" \/>\n<script type=\"application\/ld+json\" class=\"yoast-schema-graph\">{\"@context\":\"https:\/\/schema.org\",\"@graph\":[{\"@type\":\"WebPage\",\"@id\":\"https:\/\/masipgiussani.com\/fabricante-de-envases\/\",\"url\":\"https:\/\/masipgiussani.com\/fabricante-de-envases\/\",\"name\":\"Fabricante de envases - Bidons i envasos - Masip Giussani\",\"isPartOf\":{\"@id\":\"https:\/\/masipgiussani.com\/#website\"},\"datePublished\":\"2023-12-11T12:13:39+00:00\",\"dateModified\":\"2023-12-11T12:13:59+00:00\",\"breadcrumb\":{\"@id\":\"https:\/\/masipgiussani.com\/fabricante-de-envases\/#breadcrumb\"},\"inLanguage\":\"es\",\"potentialAction\":[{\"@type\":\"ReadAction\",\"target\":[\"https:\/\/masipgiussani.com\/fabricante-de-envases\/\"]}]},{\"@type\":\"BreadcrumbList\",\"@id\":\"https:\/\/masipgiussani.com\/fabricante-de-envases\/#breadcrumb\",\"itemListElement\":[{\"@type\":\"ListItem\",\"position\":1,\"name\":\"Portada\",\"item\":\"https:\/\/masipgiussani.com\/\"},{\"@type\":\"ListItem\",\"position\":2,\"name\":\"Fabricante de envases\"}]},{\"@type\":\"WebSite\",\"@id\":\"https:\/\/masipgiussani.com\/#website\",\"url\":\"https:\/\/masipgiussani.com\/\",\"name\":\"Bidons i envasos - Masip Giussani\",\"description\":\"En Masip Giussani SA, estamos dedicados a ofrecer soluciones excepcionales en envasado para una amplia variedad de sectores. Con a\u00f1os de experiencia en la industria, hemos perfeccionado el arte de proporcionar productos de calidad superior que cumplen con los est\u00e1ndares m\u00e1s exigentes\",\"potentialAction\":[{\"@type\":\"SearchAction\",\"target\":{\"@type\":\"EntryPoint\",\"urlTemplate\":\"https:\/\/masipgiussani.com\/?s={search_term_string}\"},\"query-input\":{\"@type\":\"PropertyValueSpecification\",\"valueRequired\":true,\"valueName\":\"search_term_string\"}}],\"inLanguage\":\"es\"}]}<\/script>\n<!-- \/ Yoast SEO plugin. -->","yoast_head_json":{"title":"Fabricante de envases - Bidons i envasos - Masip Giussani","robots":{"index":"index","follow":"follow","max-snippet":"max-snippet:-1","max-image-preview":"max-image-preview:large","max-video-preview":"max-video-preview:-1"},"canonical":"https:\/\/masipgiussani.com\/es\/fabricante-de-envases\/","og_locale":"es_ES","og_type":"article","og_title":"Fabricante de envases - Bidons i envasos - Masip Giussani","og_description":"Bienvenido a Masip Giussani, tu socio confiable como fabricante de envases de alta calidad. Somos una empresa que se destaca en la industria, ofreciendo soluciones innovadoras y sostenibles para satisfacer tus necesidades de envasado. Nuestra dedicaci\u00f3n a la excelencia y la calidad nos distingue como la elecci\u00f3n preferida para empresas que buscan envases que marquen&hellip;&nbsp;Fabricante de envases","og_url":"https:\/\/masipgiussani.com\/es\/fabricante-de-envases\/","og_site_name":"Bidons i envasos - Masip Giussani","article_modified_time":"2023-12-11T12:13:59+00:00","twitter_card":"summary_large_image","twitter_misc":{"Tiempo de lectura":"2 minutos"},"schema":{"@context":"https:\/\/schema.org","@graph":[{"@type":"WebPage","@id":"https:\/\/masipgiussani.com\/fabricante-de-envases\/","url":"https:\/\/masipgiussani.com\/fabricante-de-envases\/","name":"Fabricante de envases - Bidons i envasos - Masip Giussani","isPartOf":{"@id":"https:\/\/masipgiussani.com\/#website"},"datePublished":"2023-12-11T12:13:39+00:00","dateModified":"2023-12-11T12:13:59+00:00","breadcrumb":{"@id":"https:\/\/masipgiussani.com\/fabricante-de-envases\/#breadcrumb"},"inLanguage":"es","potentialAction":[{"@type":"ReadAction","target":["https:\/\/masipgiussani.com\/fabricante-de-envases\/"]}]},{"@type":"BreadcrumbList","@id":"https:\/\/masipgiussani.com\/fabricante-de-envases\/#breadcrumb","itemListElement":[{"@type":"ListItem","position":1,"name":"Portada","item":"https:\/\/masipgiussani.com\/"},{"@type":"ListItem","position":2,"name":"Fabricante de envases"}]},{"@type":"WebSite","@id":"https:\/\/masipgiussani.com\/#website","url":"https:\/\/masipgiussani.com\/","name":"Bidones y envases - Masip Giussani","description":"En Masip Giussani SA, estamos dedicados a ofrecer soluciones excepcionales en envasado para una amplia variedad de sectores. Con a\u00f1os de experiencia en la industria, hemos perfeccionado el arte de proporcionar productos de calidad superior que cumplen con los est\u00e1ndares m\u00e1s exigentes","potentialAction":[{"@type":"SearchAction","target":{"@type":"EntryPoint","urlTemplate":"https:\/\/masipgiussani.com\/?s={search_term_string}"},"query-input":{"@type":"PropertyValueSpecification","valueRequired":true,"valueName":"search_term_string"}}],"inLanguage":"es"}]}},"_links":{"self":[{"href":"https:\/\/masipgiussani.com\/es\/wp-json\/wp\/v2\/pages\/1220","targetHints":{"allow":["GET"]}}],"collection":[{"href":"https:\/\/masipgiussani.com\/es\/wp-json\/wp\/v2\/pages"}],"about":[{"href":"https:\/\/masipgiussani.com\/es\/wp-json\/wp\/v2\/types\/page"}],"author":[{"embeddable":true,"href":"https:\/\/masipgiussani.com\/es\/wp-json\/wp\/v2\/users\/3"}],"replies":[{"embeddable":true,"href":"https:\/\/masipgiussani.com\/es\/wp-json\/wp\/v2\/comments?post=1220"}],"version-history":[{"count":4,"href":"https:\/\/masipgiussani.com\/es\/wp-json\/wp\/v2\/pages\/1220\/revisions"}],"predecessor-version":[{"id":1332,"href":"https:\/\/masipgiussani.com\/es\/wp-json\/wp\/v2\/pages\/1220\/revisions\/1332"}],"wp:attachment":[{"href":"https:\/\/masipgiussani.com\/es\/wp-json\/wp\/v2\/media?parent=1220"}],"curies":[{"name":"wp","href":"https:\/\/api.w.org\/{rel}","templated":true}]}}